{"id":2027,"date":"2022-06-07T12:39:30","date_gmt":"2022-06-07T10:39:30","guid":{"rendered":"https:\/\/www.morelligroup.it\/\/index.php\/nos-valeurs\/"},"modified":"2023-02-09T15:39:54","modified_gmt":"2023-02-09T14:39:54","slug":"nos-valeurs","status":"publish","type":"page","link":"https:\/\/www.morelligroup.it\/fr\/nos-valeurs\/","title":{"rendered":"NOS VALEURS"},"content":{"rendered":"<div class=\"wpb-content-wrapper\"><p>[vc_row full_width=\u00a0\u00bbstretch_row_content\u00a0\u00bb][vc_column css=\u00a0\u00bb.vc_custom_1675953584823{padding-top: 350px !important;padding-bottom: 200px !important;background-image: url(https:\/\/www.morelligroup.it\/\/wp-content\/uploads\/2020\/06\/layer-26_mini-1.jpg?id=12) !important;background-position: center !important;background-repeat: no-repeat !important;background-size: cover !important;}\u00a0\u00bb][vc_custom_heading text=\u00a0\u00bbNOS VALEURS\u00a0\u00bb font_container=\u00a0\u00bbtag:h1|text_align:center|color:%23ffffff\u00a0\u00bb use_theme_fonts=\u00a0\u00bbyes\u00a0\u00bb][\/vc_column][\/vc_row][vc_row full_width=\u00a0\u00bbstretch_row\u00a0\u00bb css=\u00a0\u00bb.vc_custom_1653036255269{margin-bottom: 0px !important;padding-bottom: 0px !important;}\u00a0\u00bb el_class=\u00a0\u00bbheading-bg2&Prime;][vc_column offset=\u00a0\u00bbvc_col-lg-12 vc_col-md-12 vc_col-xs-12&Prime;]<div class=\"clearboth\"><\/div><style>#thegem-divider-69e37ab519f35 {margin-top: 50px !important;}<\/style><div id=\"thegem-divider-69e37ab519f35\" class=\"gem-divider  \" style=\"\" ><\/div><div style='background-color: rgba(124,165,186,0.39); color: #102939; '  class=\"gem-quote gem-quote-style-1 gem-quote-no-paddings custom-color-blockqute-mark-added \" ><blockquote style='color: #102939 ; border-color:  ' >Quels sont les ingr\u00e9dients de cette recette gagnante?<br \/>\nProfessionnalisme.\u00a0 Service \u00e0 la client\u00e8le. Capacit\u00e9 de conception. Disponibilit\u00e9. Qualit\u00e9.<\/blockquote><span style=color:#102939;  class=\"custom-color-blockqute-mark\">&#xe60c;<\/span><\/div>[vc_column_text]<\/p>\n<p style=\"text-align: justify;\">Et enfin, et ce n&rsquo;est pas le moins important, ce que Monaldo Morelli aime appeler \u00ab d\u00e9sorganisation organis\u00e9e \u00bb, \u00e0 savoir la recherche du meilleur compromis entre la rigidit\u00e9 des processus qui sous-tendent le fonctionnement des grandes entreprises et l\u2019apport flexible que les individus peuvent apporter en termes de responsabilisation, de d\u00e9vouement et d&rsquo;atteinte des objectifs.<\/p>\n<p>[\/vc_column_text][\/vc_column][\/vc_row][vc_row css=\u00a0\u00bb.vc_custom_1653035809653{margin-top: 40px !important;}\u00a0\u00bb el_class=\u00a0\u00bbst-dropcap\u00a0\u00bb][vc_column width=\u00a0\u00bb1\/2&Prime;][vc_single_image image=\u00a0\u00bb1921&Prime; img_size=\u00a0\u00bbfull\u00a0\u00bb][vc_custom_heading text=\u00a0\u00bbLa tradition synonyme de qualit\u00e9\u00a0\u00bb font_container=\u00a0\u00bbtag:h3|font_size:24px|text_align:center\u00a0\u00bb use_theme_fonts=\u00a0\u00bbyes\u00a0\u00bb][vc_column_text]<\/p>\n<p style=\"text-align: justify;\">Et enfin, et ce n&rsquo;est pas le moins important, ce que Monaldo Morelli aime appeler \u00ab d\u00e9sorganisation organis\u00e9e \u00bb, \u00e0 savoir la recherche du meilleur compromis entre la rigidit\u00e9 des processus qui sous-tendent le fonctionnement des grandes entreprises et l\u2019apport flexible que les individus peuvent apporter en termes de responsabilisation, de d\u00e9vouement et d&rsquo;atteinte des objectifs.<\/p>\n<p>[\/vc_column_text]<div class=\"clearboth\"><\/div><style>#thegem-divider-69e37ab51a00b {margin-top: 80px !important;}<\/style><div id=\"thegem-divider-69e37ab51a00b\" class=\"gem-divider  \" style=\"\" ><\/div>[\/vc_column][vc_column width=\u00a0\u00bb1\/2&Prime;][vc_single_image image=\u00a0\u00bb1923&Prime; img_size=\u00a0\u00bbfull\u00a0\u00bb][vc_custom_heading text=\u00a0\u00bbArtisanat made in Italy\u00a0\u00bb font_container=\u00a0\u00bbtag:h3|font_size:24px|text_align:center\u00a0\u00bb use_theme_fonts=\u00a0\u00bbyes\u00a0\u00bb][vc_column_text]<\/p>\n<p style=\"text-align: justify;\">Forte d&rsquo;une riche tradition et fi\u00e8re de ses origines, l\u2019entreprise choisit une production artisanale enti\u00e8rement made in Italy. Il y parvient gr\u00e2ce \u00e0 l&rsquo;exp\u00e9rience et \u00e0 la passion pour son travail que l&rsquo;on respire dans les d\u00e9partements de production du groupe Morelli : des personnes expertes et capables d&rsquo;adapter leur vision \u00e0 celle du client pour garantir la plus grande originalit\u00e9 des solutions propos\u00e9es, tant en termes de style que d&rsquo;usinages.<\/p>\n<p>[\/vc_column_text]<div class=\"clearboth\"><\/div><style>#thegem-divider-69e37ab51a042 {margin-top: 80px !important;}<\/style><div id=\"thegem-divider-69e37ab51a042\" class=\"gem-divider  \" style=\"\" ><\/div>[\/vc_column][\/vc_row][vc_row css=\u00a0\u00bb.vc_custom_1653035809653{margin-top: 40px !important;}\u00a0\u00bb el_class=\u00a0\u00bbst-dropcap\u00a0\u00bb][vc_column width=\u00a0\u00bb1\/2&Prime;][vc_single_image image=\u00a0\u00bb1927&Prime; img_size=\u00a0\u00bbfull\u00a0\u00bb][vc_custom_heading text=\u00a0\u00bbL&rsquo;innovation pour l&rsquo;avenir\u00a0\u00bb font_container=\u00a0\u00bbtag:h3|font_size:24px|text_align:center\u00a0\u00bb use_theme_fonts=\u00a0\u00bbyes\u00a0\u00bb][vc_column_text]<\/p>\n<p style=\"text-align: justify;\">Dans un secteur concurrentiel comme celui de la mode, comprendre et anticiper les temps et les d\u00e9sirs est fondamental : la capacit\u00e9 d&rsquo;utiliser les technologies disponibles au maximum de leur potentiel, joue un r\u00f4le tout aussi important. L\u2019innovation technologique est en effet pleinement synergique avec le travail artisanal et permet d&rsquo;obtenir des produits de qualit\u00e9 et d&rsquo;originalit\u00e9 absolue. Se doter en interne d&rsquo;un d\u00e9partement sp\u00e9cifique pour le traitement du cuir afin d&rsquo;obtenir des effets sp\u00e9ciaux a \u00e9t\u00e9 un choix presque oblig\u00e9 pour une entreprise d&rsquo;avant-garde qui fait de la diversification l&rsquo;un de ses points forts.<\/p>\n<p>[\/vc_column_text]<div class=\"clearboth\"><\/div><style>#thegem-divider-69e37ab51a08c {margin-top: 80px !important;}<\/style><div id=\"thegem-divider-69e37ab51a08c\" class=\"gem-divider  \" style=\"\" ><\/div>[\/vc_column][vc_column width=\u00a0\u00bb1\/2&Prime;][vc_single_image image=\u00a0\u00bb1925&Prime; img_size=\u00a0\u00bbfull\u00a0\u00bb][vc_custom_heading text=\u00a0\u00bbEntrepreneuriat et recherche continue\u00a0\u00bb font_container=\u00a0\u00bbtag:h3|font_size:24px|text_align:center\u00a0\u00bb use_theme_fonts=\u00a0\u00bbyes\u00a0\u00bb][vc_column_text]<\/p>\n<p style=\"text-align: justify;\">Ce qui est aujourd&rsquo;hui con\u00e7u, dessin\u00e9 et r\u00e9alis\u00e9, dans quelques mois sera pr\u00e9sent dans les vitrines des boutiques de v\u00eatements en cuir de luxe les plus exclusives du monde. Le sait bien Morelli Group qui, depuis toujours, parvient \u00e0 interpr\u00e9ter avec unicit\u00e9 l\u2019\u00e9volution du march\u00e9 et les d\u00e9sirs du client. Si elle y parvient, c&rsquo;est surtout gr\u00e2ce \u00e0 la recherche constante de nouvelles tendances et de solutions technologiques innovantes auxquelles s&rsquo;ajoute un regard toujours actuel sur le monde du style et les nouveaux march\u00e9s en croissance.<\/p>\n<p>[\/vc_column_text]<div class=\"clearboth\"><\/div><style>#thegem-divider-69e37ab51a0c8 {margin-top: 80px !important;}<\/style><div id=\"thegem-divider-69e37ab51a0c8\" class=\"gem-divider  \" style=\"\" ><\/div>[\/vc_column][\/vc_row]<\/p>\n<\/div>","protected":false},"excerpt":{"rendered":"<p>[vc_row full_width=\u00a0\u00bbstretch_row_content\u00a0\u00bb][vc_column css=\u00a0\u00bb.vc_custom_1675953584823{padding-top: 350px !important;padding-bottom: 200px !important;background-image: url(https:\/\/www.morelligroup.it\/\/wp-content\/uploads\/2020\/06\/layer-26_mini-1.jpg?id=12) !important;background-position: center !important;background-repeat: no-repeat !important;background-size: cover !important;}\u00a0\u00bb][vc_custom_heading text=\u00a0\u00bbNOS VALEURS\u00a0\u00bb font_container=\u00a0\u00bbtag:h1|text_align:center|color:%23ffffff\u00a0\u00bb use_theme_fonts=\u00a0\u00bbyes\u00a0\u00bb][\/vc_column][\/vc_row][vc_row full_width=\u00a0\u00bbstretch_row\u00a0\u00bb&#8230;<\/p>\n","protected":false},"author":1,"featured_media":0,"parent":0,"menu_order":0,"comment_status":"closed","ping_status":"closed","template":"","meta":{"footnotes":""},"class_list":["post-2027","page","type-page","status-publish"],"yoast_head":"<!-- This site is optimized with the Yoast SEO plugin v27.3 - https:\/\/yoast.com\/product\/yoast-seo-wordpress\/ -->\n<title>NOS VALEURS - Morelli Group<\/title>\n<meta name=\"robots\" content=\"index, follow, max-snippet:-1, max-image-preview:large, max-video-preview:-1\" \/>\n<link rel=\"canonical\" href=\"https:\/\/www.morelligroup.it\/fr\/nos-valeurs\/\" \/>\n<meta property=\"og:locale\" content=\"fr_FR\" \/>\n<meta property=\"og:type\" content=\"article\" \/>\n<meta property=\"og:title\" content=\"NOS VALEURS - Morelli Group\" \/>\n<meta property=\"og:description\" content=\"[vc_row full_width=\u00a0\u00bbstretch_row_content\u00a0\u00bb][vc_column css=\u00a0\u00bb.vc_custom_1675953584823{padding-top: 350px !important;padding-bottom: 200px !important;background-image: url(https:\/\/www.morelligroup.it\/\/wp-content\/uploads\/2020\/06\/layer-26_mini-1.jpg?id=12) !important;background-position: center !important;background-repeat: no-repeat !important;background-size: cover !important;}\u00a0\u00bb][vc_custom_heading text=\u00a0\u00bbNOS VALEURS\u00a0\u00bb font_container=\u00a0\u00bbtag:h1|text_align:center|color:%23ffffff\u00a0\u00bb use_theme_fonts=\u00a0\u00bbyes\u00a0\u00bb][\/vc_column][\/vc_row][vc_row full_width=\u00a0\u00bbstretch_row\u00a0\u00bb...\" \/>\n<meta property=\"og:url\" content=\"https:\/\/www.morelligroup.it\/fr\/nos-valeurs\/\" \/>\n<meta property=\"og:site_name\" content=\"Morelli Group\" \/>\n<meta property=\"article:modified_time\" content=\"2023-02-09T14:39:54+00:00\" \/>\n<meta name=\"twitter:card\" content=\"summary_large_image\" \/>\n<meta name=\"twitter:label1\" content=\"Dur\u00e9e de lecture estim\u00e9e\" \/>\n\t<meta name=\"twitter:data1\" content=\"4 minutes\" \/>\n<script type=\"application\/ld+json\" class=\"yoast-schema-graph\">{\"@context\":\"https:\\\/\\\/schema.org\",\"@graph\":[{\"@type\":\"WebPage\",\"@id\":\"https:\\\/\\\/www.morelligroup.it\\\/fr\\\/nos-valeurs\\\/\",\"url\":\"https:\\\/\\\/www.morelligroup.it\\\/fr\\\/nos-valeurs\\\/\",\"name\":\"NOS VALEURS - Morelli Group\",\"isPartOf\":{\"@id\":\"https:\\\/\\\/www.morelligroup.it\\\/#website\"},\"datePublished\":\"2022-06-07T10:39:30+00:00\",\"dateModified\":\"2023-02-09T14:39:54+00:00\",\"breadcrumb\":{\"@id\":\"https:\\\/\\\/www.morelligroup.it\\\/fr\\\/nos-valeurs\\\/#breadcrumb\"},\"inLanguage\":\"fr-FR\",\"potentialAction\":[{\"@type\":\"ReadAction\",\"target\":[\"https:\\\/\\\/www.morelligroup.it\\\/fr\\\/nos-valeurs\\\/\"]}]},{\"@type\":\"BreadcrumbList\",\"@id\":\"https:\\\/\\\/www.morelligroup.it\\\/fr\\\/nos-valeurs\\\/#breadcrumb\",\"itemListElement\":[{\"@type\":\"ListItem\",\"position\":1,\"name\":\"Home\",\"item\":\"https:\\\/\\\/www.morelligroup.it\\\/fr\\\/homepage-demo\\\/\"},{\"@type\":\"ListItem\",\"position\":2,\"name\":\"NOS VALEURS\"}]},{\"@type\":\"WebSite\",\"@id\":\"https:\\\/\\\/www.morelligroup.it\\\/#website\",\"url\":\"https:\\\/\\\/www.morelligroup.it\\\/\",\"name\":\"Morelli Group\",\"description\":\"MORELLI GROUP - MMMAR - Abbigliamento in pelle, lavorazioni in pelle, accessori in pelle, ricerca, pelletteria, qualit\u00e0, artigianalit\u00e0, made in italy, Proponiamo qui una selezione delle nostre migliori lavorazioni, studiate e perfezionate per arricchire e differenziare la produzione, ampliando la scelta dei nostri clienti. Ognuna di esse rappresenta la perfetta sinergia tra lavoro artigianale e tecnologie all&#039;avanguardia, combinate insieme per garantire originalit\u00e0, qualit\u00e0 e innovazione\",\"potentialAction\":[{\"@type\":\"SearchAction\",\"target\":{\"@type\":\"EntryPoint\",\"urlTemplate\":\"https:\\\/\\\/www.morelligroup.it\\\/?s={search_term_string}\"},\"query-input\":{\"@type\":\"PropertyValueSpecification\",\"valueRequired\":true,\"valueName\":\"search_term_string\"}}],\"inLanguage\":\"fr-FR\"}]}<\/script>\n<!-- \/ Yoast SEO plugin. -->","yoast_head_json":{"title":"NOS VALEURS - Morelli Group","robots":{"index":"index","follow":"follow","max-snippet":"max-snippet:-1","max-image-preview":"max-image-preview:large","max-video-preview":"max-video-preview:-1"},"canonical":"https:\/\/www.morelligroup.it\/fr\/nos-valeurs\/","og_locale":"fr_FR","og_type":"article","og_title":"NOS VALEURS - Morelli Group","og_description":"[vc_row full_width=\u00a0\u00bbstretch_row_content\u00a0\u00bb][vc_column css=\u00a0\u00bb.vc_custom_1675953584823{padding-top: 350px !important;padding-bottom: 200px !important;background-image: url(https:\/\/www.morelligroup.it\/\/wp-content\/uploads\/2020\/06\/layer-26_mini-1.jpg?id=12) !important;background-position: center !important;background-repeat: no-repeat !important;background-size: cover !important;}\u00a0\u00bb][vc_custom_heading text=\u00a0\u00bbNOS VALEURS\u00a0\u00bb font_container=\u00a0\u00bbtag:h1|text_align:center|color:%23ffffff\u00a0\u00bb use_theme_fonts=\u00a0\u00bbyes\u00a0\u00bb][\/vc_column][\/vc_row][vc_row full_width=\u00a0\u00bbstretch_row\u00a0\u00bb...","og_url":"https:\/\/www.morelligroup.it\/fr\/nos-valeurs\/","og_site_name":"Morelli Group","article_modified_time":"2023-02-09T14:39:54+00:00","twitter_card":"summary_large_image","twitter_misc":{"Dur\u00e9e de lecture estim\u00e9e":"4 minutes"},"schema":{"@context":"https:\/\/schema.org","@graph":[{"@type":"WebPage","@id":"https:\/\/www.morelligroup.it\/fr\/nos-valeurs\/","url":"https:\/\/www.morelligroup.it\/fr\/nos-valeurs\/","name":"NOS VALEURS - Morelli Group","isPartOf":{"@id":"https:\/\/www.morelligroup.it\/#website"},"datePublished":"2022-06-07T10:39:30+00:00","dateModified":"2023-02-09T14:39:54+00:00","breadcrumb":{"@id":"https:\/\/www.morelligroup.it\/fr\/nos-valeurs\/#breadcrumb"},"inLanguage":"fr-FR","potentialAction":[{"@type":"ReadAction","target":["https:\/\/www.morelligroup.it\/fr\/nos-valeurs\/"]}]},{"@type":"BreadcrumbList","@id":"https:\/\/www.morelligroup.it\/fr\/nos-valeurs\/#breadcrumb","itemListElement":[{"@type":"ListItem","position":1,"name":"Home","item":"https:\/\/www.morelligroup.it\/fr\/homepage-demo\/"},{"@type":"ListItem","position":2,"name":"NOS VALEURS"}]},{"@type":"WebSite","@id":"https:\/\/www.morelligroup.it\/#website","url":"https:\/\/www.morelligroup.it\/","name":"Morelli Group","description":"MORELLI GROUP - MMMAR - Abbigliamento in pelle, lavorazioni in pelle, accessori in pelle, ricerca, pelletteria, qualit\u00e0, artigianalit\u00e0, made in italy, Proponiamo qui una selezione delle nostre migliori lavorazioni, studiate e perfezionate per arricchire e differenziare la produzione, ampliando la scelta dei nostri clienti. Ognuna di esse rappresenta la perfetta sinergia tra lavoro artigianale e tecnologie all&#039;avanguardia, combinate insieme per garantire originalit\u00e0, qualit\u00e0 e innovazione","potentialAction":[{"@type":"SearchAction","target":{"@type":"EntryPoint","urlTemplate":"https:\/\/www.morelligroup.it\/?s={search_term_string}"},"query-input":{"@type":"PropertyValueSpecification","valueRequired":true,"valueName":"search_term_string"}}],"inLanguage":"fr-FR"}]}},"_links":{"self":[{"href":"https:\/\/www.morelligroup.it\/fr\/wp-json\/wp\/v2\/pages\/2027","targetHints":{"allow":["GET"]}}],"collection":[{"href":"https:\/\/www.morelligroup.it\/fr\/wp-json\/wp\/v2\/pages"}],"about":[{"href":"https:\/\/www.morelligroup.it\/fr\/wp-json\/wp\/v2\/types\/page"}],"author":[{"embeddable":true,"href":"https:\/\/www.morelligroup.it\/fr\/wp-json\/wp\/v2\/users\/1"}],"replies":[{"embeddable":true,"href":"https:\/\/www.morelligroup.it\/fr\/wp-json\/wp\/v2\/comments?post=2027"}],"version-history":[{"count":10,"href":"https:\/\/www.morelligroup.it\/fr\/wp-json\/wp\/v2\/pages\/2027\/revisions"}],"predecessor-version":[{"id":2127,"href":"https:\/\/www.morelligroup.it\/fr\/wp-json\/wp\/v2\/pages\/2027\/revisions\/2127"}],"wp:attachment":[{"href":"https:\/\/www.morelligroup.it\/fr\/wp-json\/wp\/v2\/media?parent=2027"}],"curies":[{"name":"wp","href":"https:\/\/api.w.org\/{rel}","templated":true}]}}