{"id":2012,"date":"2022-06-07T12:15:31","date_gmt":"2022-06-07T10:15:31","guid":{"rendered":"https:\/\/www.morelligroup.it\/\/index.php\/homepage-demo\/"},"modified":"2023-02-09T15:38:20","modified_gmt":"2023-02-09T14:38:20","slug":"homepage-demo","status":"publish","type":"page","link":"https:\/\/www.morelligroup.it\/fr\/","title":{"rendered":"Homepage (Demo)"},"content":{"rendered":"<div class=\"wpb-content-wrapper\"><p>[vc_row full_width=\u00a0\u00bbstretch_row\u00a0\u00bb content_placement=\u00a0\u00bbmiddle\u00a0\u00bb css_animation=\u00a0\u00bbnone\u00a0\u00bb vertical_slider=\u00a0\u00bbtrue\u00a0\u00bb css=\u00a0\u00bb.vc_custom_1675953467051{margin-bottom: 0px !important;background-image: url(https:\/\/www.morelligroup.it\/\/wp-content\/uploads\/2020\/06\/2-layers_mini-2.jpg?id=9) !important;background-position: center !important;background-repeat: no-repeat !important;background-size: cover !important;}\u00a0\u00bb el_id=\u00a0\u00bbrow-1&Prime; custom_css_code=\u00a0\u00bbJTQwbWVkaWElMjhtYXgtd2lkdGglM0ElMjAxNDQwcHglMjklN0IlMEElMjAlMjAlMjAlMjAlNDBpZCUyMCUzRSUyMC53cGJfY29sdW1uJTdCJTBBJTIwJTIwJTIwJTIwJTIwJTIwJTIwJTIwbWF4LXdpZHRoJTNBJTIwMTEwMHB4JTNCJTBBJTIwJTIwJTIwJTIwJTIwJTIwJTIwJTIwbWFyZ2luJTNBJTIwYXV0byUzQiUwQSUyMCUyMCUyMCUyMCU3RCUwQSU3RA==\u00a0\u00bb vertical_slider_title=\u00a0\u00bbTop\u00a0\u00bb][vc_column][\/vc_column][\/vc_row][vc_row full_width=\u00a0\u00bbstretch_row\u00a0\u00bb content_placement=\u00a0\u00bbmiddle\u00a0\u00bb vertical_slider=\u00a0\u00bbtrue\u00a0\u00bb css=\u00a0\u00bb.vc_custom_1675953482072{margin-bottom: 0px !important;background-image: url(https:\/\/www.morelligroup.it\/\/wp-content\/uploads\/2020\/06\/1_mini.jpg?id=7) !important;background-position: center !important;background-repeat: no-repeat !important;background-size: cover !important;}\u00a0\u00bb el_id=\u00a0\u00bbrow-2&Prime; vertical_slider_title=\u00a0\u00bbIl Gruppo\u00a0\u00bb][vc_column width=\u00a0\u00bb2\/3&Prime; css=\u00a0\u00bb.vc_custom_1592752172560{border-right-width: 0px !important;padding-right: 0px !important;padding-left: 0px !important;}\u00a0\u00bb offset=\u00a0\u00bbvc_col-lg-5 vc_col-md-7&Prime;][vc_column_text css_animation=\u00a0\u00bbnone\u00a0\u00bb]<\/p>\n<div class=\"title-xlarge\" style=\"text-align: left; line-height: 90px !important;\"><span style=\"color: #102939;\">GROUPE MORELLI<br \/>\n<\/span><\/div>\n<p>[\/vc_column_text]<div class=\"clearboth\"><\/div><style>#thegem-divider-69e364e96d4da {margin-top: 30px !important;}<\/style><div id=\"thegem-divider-69e364e96d4da\" class=\"gem-divider  \" style=\"\" ><\/div>[vc_column_text css_animation=\u00a0\u00bbnone\u00a0\u00bb el_class=\u00a0\u00bbcustom-letter-spasing-1&Prime;]<\/p>\n<div class=\"title-h2\" style=\"text-align: left; text-transform: none !important;\">\n<div class=\"title-h2\"><span class=\"light\">plus de 30 ans d\u2019exp\u00e9rience<br \/>\n<\/span><\/div>\n<\/div>\n<p>[\/vc_column_text]<div class=\"clearboth\"><\/div><style>#thegem-divider-69e364e96d53c {margin-top: 30px !important;}<\/style><div id=\"thegem-divider-69e364e96d53c\" class=\"gem-divider  \" style=\"\" ><\/div><style type=\"text\/css\">.thegem-button-69e364e96d61f9875 .gem-button svg {fill: #102939;}.thegem-button-69e364e96d61f9875 .gem-button:hover svg {fill: #ffffff;}<\/style><div class=\"gem-button-container gem-button-position-left thegem-button-69e364e96d61f9875 custom-padding   \"  ><a title=\"Il Gruppo\" class=\"gem-button gem-button-size-medium gem-button-style-outline gem-button-text-weight-normal gem-button-border-2\" data-ll-effect=\"drop-right-without-wrap\" style=\"border-radius: 0px;border-color: #102939;color: #102939;\" onmouseleave=\"this.style.borderColor='#102939';this.style.backgroundColor='transparent';this.style.color='#102939';\" onmouseenter=\"this.style.backgroundColor='#102939';this.style.color='#ffffff';\" href=\"https:\/\/www.morelligroup.it\/fr\/le-groupe\/\" target=\"_self\">ENTRER<\/a><\/div> [\/vc_column][vc_column width=\u00a0\u00bb1\/2&Prime; css_animation=\u00a0\u00bbnone\u00a0\u00bb][\/vc_column][\/vc_row][vc_row full_width=\u00a0\u00bbstretch_row\u00a0\u00bb content_placement=\u00a0\u00bbmiddle\u00a0\u00bb vertical_slider=\u00a0\u00bbtrue\u00a0\u00bb css=\u00a0\u00bb.vc_custom_1675953473026{margin-bottom: 0px !important;background-image: url(https:\/\/www.morelligroup.it\/\/wp-content\/uploads\/2020\/06\/2-layers_mini-3.jpg?id=10) !important;background-position: center !important;background-repeat: no-repeat !important;background-size: cover !important;}\u00a0\u00bb el_id=\u00a0\u00bbrow-3&Prime; vertical_slider_title=\u00a0\u00bbLa nostra storia\u00a0\u00bb][vc_column width=\u00a0\u00bb1\/3&Prime;][\/vc_column][vc_column width=\u00a0\u00bb2\/3&Prime;][vc_column_text css_animation=\u00a0\u00bbnone\u00a0\u00bb]<\/p>\n<div class=\"title-h1\" style=\"text-align: right;\"><span style=\"color: #ffffff;\">Notre histoire<br \/>\n<\/span><\/div>\n<p>[\/vc_column_text]<div class=\"clearboth\"><\/div><style>#thegem-divider-69e364e96d68d {margin-top: 30px !important;}<\/style><div id=\"thegem-divider-69e364e96d68d\" class=\"gem-divider  \" style=\"\" ><\/div>[vc_column_text css_animation=\u00a0\u00bbnone\u00a0\u00bb el_class=\u00a0\u00bbcustom-letter-spasing-1&Prime;]<\/p>\n<div class=\"title-h2\" style=\"text-align: left; text-transform: none !important;\">\n<div class=\"title-h2\" style=\"text-align: right;\"><span class=\"light\" style=\"color: #ffffff;\">de petit laboratoire \u00e0 entreprise leader dans le secteur<br \/>\n<\/span><\/div>\n<\/div>\n<p>[\/vc_column_text]<div class=\"clearboth\"><\/div><style>#thegem-divider-69e364e96d6c2 {margin-top: 30px !important;}<\/style><div id=\"thegem-divider-69e364e96d6c2\" class=\"gem-divider  \" style=\"\" ><\/div><style type=\"text\/css\">.thegem-button-69e364e96d7491106 .gem-button svg {fill: #ffffff;}.thegem-button-69e364e96d7491106 .gem-button:hover svg {fill: #000000;}<\/style><div class=\"gem-button-container gem-button-position-right thegem-button-69e364e96d7491106 custom-padding   \"  ><a title=\"Il Gruppo\" class=\"gem-button gem-button-size-medium gem-button-style-outline gem-button-text-weight-normal gem-button-border-2\" data-ll-effect=\"drop-right-without-wrap\" style=\"border-radius: 0px;border-color: #ffffff;color: #ffffff;\" onmouseleave=\"this.style.borderColor='#ffffff';this.style.backgroundColor='transparent';this.style.color='#ffffff';\" onmouseenter=\"this.style.backgroundColor='#ffffff';this.style.color='#000000';\" href=\"https:\/\/www.morelligroup.it\/fr\/notre-histoire\/\" target=\"_self\">ENTRER<\/a><\/div> [\/vc_column][\/vc_row][vc_row full_width=\u00a0\u00bbstretch_row\u00a0\u00bb content_placement=\u00a0\u00bbmiddle\u00a0\u00bb vertical_slider=\u00a0\u00bbtrue\u00a0\u00bb css=\u00a0\u00bb.vc_custom_1675953498270{margin-bottom: 0px !important;background-image: url(https:\/\/www.morelligroup.it\/wp-content\/uploads\/2020\/06\/layer-26_mini-1.jpg?id=12) !important;background-position: center !important;background-repeat: no-repeat !important;background-size: cover !important;}\u00a0\u00bb el_id=\u00a0\u00bbrow-4&Prime; vertical_slider_title=\u00a0\u00bbI nostri valori\u00a0\u00bb][vc_column]<div class=\"clearboth\"><\/div><style>#thegem-divider-69e364e96d791 {margin-top: 19px !important;}<\/style><div id=\"thegem-divider-69e364e96d791\" class=\"gem-divider  \" style=\"\" ><\/div>[vc_column_text css_animation=\u00a0\u00bbnone\u00a0\u00bb]<\/p>\n<div class=\"title-xlarge\" style=\"text-align: left;\"><span style=\"color: #ffffff;\">Nos valeurs<\/span><\/div>\n<p>[\/vc_column_text]<div class=\"clearboth\"><\/div><style>#thegem-divider-69e364e96d7bf {margin-top: 10px !important;}<\/style><div id=\"thegem-divider-69e364e96d7bf\" class=\"gem-divider  \" style=\"\" ><\/div>[vc_column_text css_animation=\u00a0\u00bbnone\u00a0\u00bb el_class=\u00a0\u00bbcustom-letter-spasing-1&Prime;]<\/p>\n<div class=\"title-h2\" style=\"text-align: left; text-transform: none !important;\">\n<div class=\"title-h2\"><span class=\"light\" style=\"color: #ffffff;\">Professionnalisme. Service \u00e0 la client\u00e8le. Capacit\u00e9 de conception. Disponibilit\u00e9. Qualit\u00e9<br \/>\n<\/span><\/div>\n<\/div>\n<p>[\/vc_column_text]<div class=\"clearboth\"><\/div><style>#thegem-divider-69e364e96d7e7 {margin-top: 33px !important;}<\/style><div id=\"thegem-divider-69e364e96d7e7\" class=\"gem-divider  \" style=\"\" ><\/div><style type=\"text\/css\">.thegem-button-69e364e96d85d9934 .gem-button svg {fill: #ffffff;}.thegem-button-69e364e96d85d9934 .gem-button:hover svg {fill: #352f17;}<\/style><div class=\"gem-button-container gem-button-position-left thegem-button-69e364e96d85d9934 custom-padding   \"  ><a title=\"I nostri valori\" class=\"gem-button gem-button-size-medium gem-button-style-outline gem-button-text-weight-normal gem-button-border-2\" data-ll-effect=\"drop-right-without-wrap\" style=\"border-radius: 0px;border-color: #ffffff;color: #ffffff;\" onmouseleave=\"this.style.borderColor='#ffffff';this.style.backgroundColor='transparent';this.style.color='#ffffff';\" onmouseenter=\"this.style.backgroundColor='#ffffff';this.style.color='#352f17';\" href=\"https:\/\/www.morelligroup.it\/fr\/nos-valeurs\/\" target=\"_self\">ENTRER<\/a><\/div> [\/vc_column][\/vc_row]<\/p>\n<\/div>","protected":false},"excerpt":{"rendered":"<p>[vc_row full_width=\u00a0\u00bbstretch_row\u00a0\u00bb content_placement=\u00a0\u00bbmiddle\u00a0\u00bb css_animation=\u00a0\u00bbnone\u00a0\u00bb vertical_slider=\u00a0\u00bbtrue\u00a0\u00bb css=\u00a0\u00bb.vc_custom_1675953467051{margin-bottom: 0px !important;background-image: url(https:\/\/www.morelligroup.it\/\/wp-content\/uploads\/2020\/06\/2-layers_mini-2.jpg?id=9) !important;background-position: center !important;background-repeat: no-repeat !important;background-size: cover !important;}\u00a0\u00bb el_id=\u00a0\u00bbrow-1&Prime; custom_css_code=\u00a0\u00bbJTQwbWVkaWElMjhtYXgtd2lkdGglM0ElMjAxNDQwcHglMjklN0IlMEElMjAlMjAlMjAlMjAlNDBpZCUyMCUzRSUyMC53cGJfY29sdW1uJTdCJTBBJTIwJTIwJTIwJTIwJTIwJTIwJTIwJTIwbWF4LXdpZHRoJTNBJTIwMTEwMHB4JTNCJTBBJTIwJTIwJTIwJTIwJTIwJTIwJTIwJTIwbWFyZ2luJTNBJTIwYXV0byUzQiUwQSUyMCUyMCUyMCUyMCU3RCUwQSU3RA==\u00a0\u00bb vertical_slider_title=\u00a0\u00bbTop\u00a0\u00bb][vc_column][\/vc_column][\/vc_row][vc_row full_width=\u00a0\u00bbstretch_row\u00a0\u00bb&#8230;<\/p>\n","protected":false},"author":1,"featured_media":0,"parent":0,"menu_order":0,"comment_status":"closed","ping_status":"closed","template":"","meta":{"footnotes":""},"class_list":["post-2012","page","type-page","status-publish"],"yoast_head":"<!-- This site is optimized with the Yoast SEO plugin v27.3 - https:\/\/yoast.com\/product\/yoast-seo-wordpress\/ -->\n<title>Homepage (Demo) - Morelli Group<\/title>\n<meta name=\"robots\" content=\"index, follow, max-snippet:-1, max-image-preview:large, max-video-preview:-1\" \/>\n<link rel=\"canonical\" href=\"https:\/\/www.morelligroup.it\/fr\/homepage-demo\/\" \/>\n<meta property=\"og:locale\" content=\"fr_FR\" \/>\n<meta property=\"og:type\" content=\"article\" \/>\n<meta property=\"og:title\" content=\"Homepage (Demo) - Morelli Group\" \/>\n<meta property=\"og:description\" content=\"[vc_row full_width=\u00a0\u00bbstretch_row\u00a0\u00bb content_placement=\u00a0\u00bbmiddle\u00a0\u00bb css_animation=\u00a0\u00bbnone\u00a0\u00bb vertical_slider=\u00a0\u00bbtrue\u00a0\u00bb css=\u00a0\u00bb.vc_custom_1675953467051{margin-bottom: 0px !important;background-image: url(https:\/\/www.morelligroup.it\/\/wp-content\/uploads\/2020\/06\/2-layers_mini-2.jpg?id=9) !important;background-position: center !important;background-repeat: no-repeat !important;background-size: cover !important;}\u00a0\u00bb el_id=\u00a0\u00bbrow-1&Prime; custom_css_code=\u00a0\u00bbJTQwbWVkaWElMjhtYXgtd2lkdGglM0ElMjAxNDQwcHglMjklN0IlMEElMjAlMjAlMjAlMjAlNDBpZCUyMCUzRSUyMC53cGJfY29sdW1uJTdCJTBBJTIwJTIwJTIwJTIwJTIwJTIwJTIwJTIwbWF4LXdpZHRoJTNBJTIwMTEwMHB4JTNCJTBBJTIwJTIwJTIwJTIwJTIwJTIwJTIwJTIwbWFyZ2luJTNBJTIwYXV0byUzQiUwQSUyMCUyMCUyMCUyMCU3RCUwQSU3RA==\u00a0\u00bb vertical_slider_title=\u00a0\u00bbTop\u00a0\u00bb][vc_column][\/vc_column][\/vc_row][vc_row full_width=\u00a0\u00bbstretch_row\u00a0\u00bb...\" \/>\n<meta property=\"og:url\" content=\"https:\/\/www.morelligroup.it\/fr\/homepage-demo\/\" \/>\n<meta property=\"og:site_name\" content=\"Morelli Group\" \/>\n<meta property=\"article:modified_time\" content=\"2023-02-09T14:38:20+00:00\" \/>\n<meta name=\"twitter:card\" content=\"summary_large_image\" \/>\n<meta name=\"twitter:label1\" content=\"Dur\u00e9e de lecture estim\u00e9e\" \/>\n\t<meta name=\"twitter:data1\" content=\"3 minutes\" \/>\n<script type=\"application\/ld+json\" class=\"yoast-schema-graph\">{\"@context\":\"https:\\\/\\\/schema.org\",\"@graph\":[{\"@type\":\"WebPage\",\"@id\":\"https:\\\/\\\/www.morelligroup.it\\\/fr\\\/homepage-demo\\\/\",\"url\":\"https:\\\/\\\/www.morelligroup.it\\\/fr\\\/homepage-demo\\\/\",\"name\":\"Homepage (Demo) - Morelli Group\",\"isPartOf\":{\"@id\":\"https:\\\/\\\/www.morelligroup.it\\\/#website\"},\"datePublished\":\"2022-06-07T10:15:31+00:00\",\"dateModified\":\"2023-02-09T14:38:20+00:00\",\"breadcrumb\":{\"@id\":\"https:\\\/\\\/www.morelligroup.it\\\/fr\\\/homepage-demo\\\/#breadcrumb\"},\"inLanguage\":\"fr-FR\",\"potentialAction\":[{\"@type\":\"ReadAction\",\"target\":[\"https:\\\/\\\/www.morelligroup.it\\\/fr\\\/homepage-demo\\\/\"]}]},{\"@type\":\"BreadcrumbList\",\"@id\":\"https:\\\/\\\/www.morelligroup.it\\\/fr\\\/homepage-demo\\\/#breadcrumb\",\"itemListElement\":[{\"@type\":\"ListItem\",\"position\":1,\"name\":\"Home\",\"item\":\"https:\\\/\\\/www.morelligroup.it\\\/fr\\\/homepage-demo\\\/\"},{\"@type\":\"ListItem\",\"position\":2,\"name\":\"Homepage (Demo)\"}]},{\"@type\":\"WebSite\",\"@id\":\"https:\\\/\\\/www.morelligroup.it\\\/#website\",\"url\":\"https:\\\/\\\/www.morelligroup.it\\\/\",\"name\":\"Morelli Group\",\"description\":\"MORELLI GROUP - MMMAR - Abbigliamento in pelle, lavorazioni in pelle, accessori in pelle, ricerca, pelletteria, qualit\u00e0, artigianalit\u00e0, made in italy, Proponiamo qui una selezione delle nostre migliori lavorazioni, studiate e perfezionate per arricchire e differenziare la produzione, ampliando la scelta dei nostri clienti. Ognuna di esse rappresenta la perfetta sinergia tra lavoro artigianale e tecnologie all&#039;avanguardia, combinate insieme per garantire originalit\u00e0, qualit\u00e0 e innovazione\",\"potentialAction\":[{\"@type\":\"SearchAction\",\"target\":{\"@type\":\"EntryPoint\",\"urlTemplate\":\"https:\\\/\\\/www.morelligroup.it\\\/?s={search_term_string}\"},\"query-input\":{\"@type\":\"PropertyValueSpecification\",\"valueRequired\":true,\"valueName\":\"search_term_string\"}}],\"inLanguage\":\"fr-FR\"}]}<\/script>\n<!-- \/ Yoast SEO plugin. -->","yoast_head_json":{"title":"Homepage (Demo) - Morelli Group","robots":{"index":"index","follow":"follow","max-snippet":"max-snippet:-1","max-image-preview":"max-image-preview:large","max-video-preview":"max-video-preview:-1"},"canonical":"https:\/\/www.morelligroup.it\/fr\/homepage-demo\/","og_locale":"fr_FR","og_type":"article","og_title":"Homepage (Demo) - Morelli Group","og_description":"[vc_row full_width=\u00a0\u00bbstretch_row\u00a0\u00bb content_placement=\u00a0\u00bbmiddle\u00a0\u00bb css_animation=\u00a0\u00bbnone\u00a0\u00bb vertical_slider=\u00a0\u00bbtrue\u00a0\u00bb css=\u00a0\u00bb.vc_custom_1675953467051{margin-bottom: 0px !important;background-image: url(https:\/\/www.morelligroup.it\/\/wp-content\/uploads\/2020\/06\/2-layers_mini-2.jpg?id=9) !important;background-position: center !important;background-repeat: no-repeat !important;background-size: cover !important;}\u00a0\u00bb el_id=\u00a0\u00bbrow-1&Prime; custom_css_code=\u00a0\u00bbJTQwbWVkaWElMjhtYXgtd2lkdGglM0ElMjAxNDQwcHglMjklN0IlMEElMjAlMjAlMjAlMjAlNDBpZCUyMCUzRSUyMC53cGJfY29sdW1uJTdCJTBBJTIwJTIwJTIwJTIwJTIwJTIwJTIwJTIwbWF4LXdpZHRoJTNBJTIwMTEwMHB4JTNCJTBBJTIwJTIwJTIwJTIwJTIwJTIwJTIwJTIwbWFyZ2luJTNBJTIwYXV0byUzQiUwQSUyMCUyMCUyMCUyMCU3RCUwQSU3RA==\u00a0\u00bb vertical_slider_title=\u00a0\u00bbTop\u00a0\u00bb][vc_column][\/vc_column][\/vc_row][vc_row full_width=\u00a0\u00bbstretch_row\u00a0\u00bb...","og_url":"https:\/\/www.morelligroup.it\/fr\/homepage-demo\/","og_site_name":"Morelli Group","article_modified_time":"2023-02-09T14:38:20+00:00","twitter_card":"summary_large_image","twitter_misc":{"Dur\u00e9e de lecture estim\u00e9e":"3 minutes"},"schema":{"@context":"https:\/\/schema.org","@graph":[{"@type":"WebPage","@id":"https:\/\/www.morelligroup.it\/fr\/homepage-demo\/","url":"https:\/\/www.morelligroup.it\/fr\/homepage-demo\/","name":"Homepage (Demo) - Morelli Group","isPartOf":{"@id":"https:\/\/www.morelligroup.it\/#website"},"datePublished":"2022-06-07T10:15:31+00:00","dateModified":"2023-02-09T14:38:20+00:00","breadcrumb":{"@id":"https:\/\/www.morelligroup.it\/fr\/homepage-demo\/#breadcrumb"},"inLanguage":"fr-FR","potentialAction":[{"@type":"ReadAction","target":["https:\/\/www.morelligroup.it\/fr\/homepage-demo\/"]}]},{"@type":"BreadcrumbList","@id":"https:\/\/www.morelligroup.it\/fr\/homepage-demo\/#breadcrumb","itemListElement":[{"@type":"ListItem","position":1,"name":"Home","item":"https:\/\/www.morelligroup.it\/fr\/homepage-demo\/"},{"@type":"ListItem","position":2,"name":"Homepage (Demo)"}]},{"@type":"WebSite","@id":"https:\/\/www.morelligroup.it\/#website","url":"https:\/\/www.morelligroup.it\/","name":"Morelli Group","description":"MORELLI GROUP - MMMAR - Abbigliamento in pelle, lavorazioni in pelle, accessori in pelle, ricerca, pelletteria, qualit\u00e0, artigianalit\u00e0, made in italy, Proponiamo qui una selezione delle nostre migliori lavorazioni, studiate e perfezionate per arricchire e differenziare la produzione, ampliando la scelta dei nostri clienti. Ognuna di esse rappresenta la perfetta sinergia tra lavoro artigianale e tecnologie all&#039;avanguardia, combinate insieme per garantire originalit\u00e0, qualit\u00e0 e innovazione","potentialAction":[{"@type":"SearchAction","target":{"@type":"EntryPoint","urlTemplate":"https:\/\/www.morelligroup.it\/?s={search_term_string}"},"query-input":{"@type":"PropertyValueSpecification","valueRequired":true,"valueName":"search_term_string"}}],"inLanguage":"fr-FR"}]}},"_links":{"self":[{"href":"https:\/\/www.morelligroup.it\/fr\/wp-json\/wp\/v2\/pages\/2012","targetHints":{"allow":["GET"]}}],"collection":[{"href":"https:\/\/www.morelligroup.it\/fr\/wp-json\/wp\/v2\/pages"}],"about":[{"href":"https:\/\/www.morelligroup.it\/fr\/wp-json\/wp\/v2\/types\/page"}],"author":[{"embeddable":true,"href":"https:\/\/www.morelligroup.it\/fr\/wp-json\/wp\/v2\/users\/1"}],"replies":[{"embeddable":true,"href":"https:\/\/www.morelligroup.it\/fr\/wp-json\/wp\/v2\/comments?post=2012"}],"version-history":[{"count":7,"href":"https:\/\/www.morelligroup.it\/fr\/wp-json\/wp\/v2\/pages\/2012\/revisions"}],"predecessor-version":[{"id":2124,"href":"https:\/\/www.morelligroup.it\/fr\/wp-json\/wp\/v2\/pages\/2012\/revisions\/2124"}],"wp:attachment":[{"href":"https:\/\/www.morelligroup.it\/fr\/wp-json\/wp\/v2\/media?parent=2012"}],"curies":[{"name":"wp","href":"https:\/\/api.w.org\/{rel}","templated":true}]}}